{"id":701,"date":"2023-09-22T13:09:34","date_gmt":"2023-09-22T13:09:34","guid":{"rendered":"https:\/\/home.virtualeng.de\/?page_id=701"},"modified":"2023-12-26T15:31:02","modified_gmt":"2023-12-26T15:31:02","slug":"about","status":"publish","type":"page","link":"https:\/\/website.virtualeng.de\/index.php\/homepage\/about\/","title":{"rendered":"About"},"content":{"rendered":"\n<div style=\"height:3rem\" aria-hidden=\"true\" class=\"wp-block-spacer\"><\/div>\n\n\n\n<div class=\"wp-block-group is-layout-flow wp-block-group-is-layout-flow\" style=\"padding-bottom:6rem\">\n<div class=\"wp-block-group is-layout-flow wp-block-group-is-layout-flow\">\n<div class=\"wp-block-group is-layout-flow wp-block-group-is-layout-flow\" style=\"padding-right:var(--wp--preset--spacing--30);padding-left:var(--wp--preset--spacing--30)\">\n<div class=\"wp-block-columns is-layout-flex wp-container-core-columns-is-layout-28f84493 wp-block-columns-is-layout-flex\">\n<div class=\"wp-block-column is-layout-flow wp-block-column-is-layout-flow\" style=\"flex-basis:20%\">\n<div class=\"wp-block-group wp-container-content-577e1c61 is-vertical is-content-justification-center is-layout-flex wp-container-core-group-is-layout-ce155fab wp-block-group-is-layout-flex\">\n<figure class=\"wp-block-image size-full has-custom-border is-style-rounded is-style-rounded--1\"><img loading=\"lazy\" decoding=\"async\" width=\"1080\" height=\"1080\" src=\"https:\/\/website.virtualeng.de\/wp-content\/uploads\/2023\/09\/DSC_1850.jpg\" alt=\"\" class=\"wp-image-703\" style=\"border-radius:100rem;aspect-ratio:1;object-fit:contain\" srcset=\"https:\/\/website.virtualeng.de\/wp-content\/uploads\/2023\/09\/DSC_1850.jpg 1080w, https:\/\/website.virtualeng.de\/wp-content\/uploads\/2023\/09\/DSC_1850-300x300.jpg 300w, https:\/\/website.virtualeng.de\/wp-content\/uploads\/2023\/09\/DSC_1850-1024x1024.jpg 1024w, https:\/\/website.virtualeng.de\/wp-content\/uploads\/2023\/09\/DSC_1850-150x150.jpg 150w, https:\/\/website.virtualeng.de\/wp-content\/uploads\/2023\/09\/DSC_1850-768x768.jpg 768w\" sizes=\"auto, (max-width: 1080px) 100vw, 1080px\" \/><\/figure>\n\n\n\n<p class=\"has-text-align-center\" style=\"margin-top:var(--wp--preset--spacing--30);margin-bottom:1rem;padding-top:0;padding-bottom:0\">Dr. Andreas Gr\u00f6schl<br><em>Gesch\u00e4ftsf\u00fchrung virtualEng! GmbH<\/em><\/p>\n\n\n\n<div class=\"wp-block-group is-nowrap is-layout-flex wp-container-core-group-is-layout-6c531013 wp-block-group-is-layout-flex\">\n<p class=\"has-text-align-center has-base-color has-text-color has-link-color has-small-font-size wp-elements-3c32968173b1d6cb1646e9b972b7a5c7\" style=\"margin-top:0;margin-right:0rem;margin-bottom:0;margin-left:0rem;line-height:1.2\"><a href=\"mailto:kontakt@virtualeng.de\">kontakt@virtualeng.de<\/a><\/p>\n<\/div>\n<\/div>\n<\/div>\n\n\n\n<div class=\"wp-block-column is-layout-flow wp-block-column-is-layout-flow\" style=\"flex-basis:60%\">\n<div class=\"wp-block-group wp-container-content-0733e5d0 is-vertical is-content-justification-left is-layout-flex wp-container-core-group-is-layout-872ab8ba wp-block-group-is-layout-flex\" style=\"padding-top:var(--wp--preset--spacing--30);padding-right:var(--wp--preset--spacing--50);padding-bottom:var(--wp--preset--spacing--30);padding-left:var(--wp--preset--spacing--50)\">\n<p class=\"has-custom-text-in-box-color has-text-color\" style=\"padding-top:0;padding-right:0;padding-bottom:0;padding-left:0\">&#8220;<em>Bei all meinen T\u00e4tigkeiten habe ich immer wieder gesehen, wie wichtig es ist, komplexe Zusammenh\u00e4nge auf das &#8220;Bestimmende&#8221; zu reduzieren und diese zu verstehen. Sind die Dinge dann erkannt und die Zusammenh\u00e4nge verstanden, kann man sehr gezielt die &#8220;Stellschrauben&#8221; nutzen und die Prozesse steuern. Insbesondere mit den heutigen modernen Werkzeugen wie Clouds, \u00fcbergreifendes Arbeiten in virtuellen Teams, moderne Datenbankkonzepte und Analysenmethoden wie Maschinenlearning (z.B. \u00fcber Python oder PowerBI) l\u00e4sst sich viel erreichen. Ich bin \u00fcberzeugt, dass sich hier noch viel bewegen wird und ein gro\u00dfes Potenzial liegt, das es zu heben gilt, auch f\u00fcr kleine und mittlere Unternehmen.<\/em>&#8220;<\/p>\n<\/div>\n<\/div>\n<\/div>\n<\/div>\n\n\n\n<div style=\"height:3rem\" aria-hidden=\"true\" class=\"wp-block-spacer\"><\/div>\n\n\n\n<div class=\"wp-block-group info-card is-layout-flow wp-block-group-is-layout-flow\">\n<p>Als promovierter Verfahrensingenieur war ich \u00fcber 23 Jahre in der chemischen Industrie t\u00e4tig.<br>W\u00e4hrend meiner T\u00e4tigkeit bei LANXESS habe ich mit meinem Team den Bereich Verfahrens- und Anlagensicherheit aufgebaut und an modernen Arbeitsmethoden global ausgerichtet. Der Einsatz von modernen Datenbankkonzepten, dem Arbeiten in virtuellen Teams und einer Modularisierung der Sicherheitsbetrachtungen waren hier von zentraler Bedeutung f\u00fcr Qualit\u00e4t und Effizienz. <br>Zuvor war ich bei der LANXESS Deutschland GmbH f\u00fcr das Arbeitssicherheitsprogramm &#8220;xAct&#8221; als Regionalmanager verantwortlich. Hier war vorallem die betriebliche Umsetzung der Schl\u00fcssel f\u00fcr den Erfolg.<\/p>\n\n\n\n<p style=\"padding-bottom:0\">In meiner Zeit bei der Saltigo GmbH habe ich sowohl das Engineering geleitet als auch das globale Arbeitssicherheitsprogramm &#8220;kein Pardon&#8221;, mit dem wir auch den &#8220;VCI &#8211; Responsible Care Award 2011&#8221; gewonnen haben. In einem interdisziplin\u00e4ren Team, bestehend aus Ingenieuren, Chemikern, Betriebsleitern, Sicherheitsbeauftragten, Psychologen, Betriebsmitarbeitern und Betriebsr\u00e4ten haben wir das Programm konzipiert und umgesetzt. Dabei stand insbesondere die verhaltensbedingte Arbeitssicherheit  im Mittelpunkt.<\/p>\n\n\n\n<div style=\"height:3rem\" aria-hidden=\"true\" class=\"wp-block-spacer\"><\/div>\n<\/div>\n<\/div>\n<\/div>\n\n\n\n<div class=\"wp-block-group alignfull is-layout-flow wp-block-group-is-layout-flow\" style=\"padding-top:var(--wp--preset--spacing--20);padding-right:var(--wp--preset--spacing--60);padding-bottom:var(--wp--preset--spacing--60);padding-left:var(--wp--preset--spacing--50)\">\n<div class=\"wp-block-group is-layout-flow wp-container-core-group-is-layout-e603688c wp-block-group-is-layout-flow\" style=\"margin-top:0;margin-bottom:0;padding-top:0;padding-right:0;padding-bottom:0;padding-left:0\">\n<h2 class=\"wp-block-heading has-text-align-left has-x-large-font-size\" style=\"margin-top:0;margin-right:0;margin-bottom:0;margin-left:0;padding-top:0;padding-right:0;padding-bottom:0;padding-left:0\">Kontakt<\/h2>\n\n\n\n<div class=\"wp-block-group is-nowrap is-layout-flex wp-container-core-group-is-layout-9c90ec75 wp-block-group-is-layout-flex\" style=\"margin-top:var(--wp--preset--spacing--10);margin-bottom:var(--wp--preset--spacing--10);padding-top:0;padding-right:0;padding-bottom:0;padding-left:0\">\n<div class=\"wp-block-outermost-icon-block\"><div class=\"icon-container has-icon-color has-contrast-2-color\" style=\"color:#356195;width:48px\"><svg xmlns=\"http:\/\/www.w3.org\/2000\/svg\" viewBox=\"0 0 24 24\" aria-hidden=\"true\"><path d=\"M20,4H4C2.895,4,2,4.895,2,6v12c0,1.105,0.895,2,2,2h16c1.105,0,2-0.895,2-2V6C22,4.895,21.105,4,20,4z M20,8.236l-8,4.882 L4,8.236V6h16V8.236z\"><\/path><\/svg><\/div><\/div>\n\n\n\n<div class=\"wp-block-group is-vertical is-layout-flex wp-container-core-group-is-layout-4b827052 wp-block-group-is-layout-flex\">\n<p><a href=\"mailto:kontakt@virtualeng.de\">kontakt@virtualeng.de<\/a><\/p>\n\n\n\n<p class=\"has-small-font-size\">virtualEng! GmbH Leverkusen<\/p>\n<\/div>\n<\/div>\n<\/div>\n<\/div>\n","protected":false},"excerpt":{"rendered":"","protected":false},"author":1,"featured_media":0,"parent":478,"menu_order":0,"comment_status":"closed","ping_status":"closed","template":"wp-custom-template-basic-page","meta":{"footnotes":""},"class_list":["post-701","page","type-page","status-publish","hentry"],"_links":{"self":[{"href":"https:\/\/website.virtualeng.de\/index.php\/wp-json\/wp\/v2\/pages\/701","targetHints":{"allow":["GET"]}}],"collection":[{"href":"https:\/\/website.virtualeng.de\/index.php\/wp-json\/wp\/v2\/pages"}],"about":[{"href":"https:\/\/website.virtualeng.de\/index.php\/wp-json\/wp\/v2\/types\/page"}],"author":[{"embeddable":true,"href":"https:\/\/website.virtualeng.de\/index.php\/wp-json\/wp\/v2\/users\/1"}],"replies":[{"embeddable":true,"href":"https:\/\/website.virtualeng.de\/index.php\/wp-json\/wp\/v2\/comments?post=701"}],"version-history":[{"count":22,"href":"https:\/\/website.virtualeng.de\/index.php\/wp-json\/wp\/v2\/pages\/701\/revisions"}],"predecessor-version":[{"id":2681,"href":"https:\/\/website.virtualeng.de\/index.php\/wp-json\/wp\/v2\/pages\/701\/revisions\/2681"}],"up":[{"embeddable":true,"href":"https:\/\/website.virtualeng.de\/index.php\/wp-json\/wp\/v2\/pages\/478"}],"wp:attachment":[{"href":"https:\/\/website.virtualeng.de\/index.php\/wp-json\/wp\/v2\/media?parent=701"}],"curies":[{"name":"wp","href":"https:\/\/api.w.org\/{rel}","templated":true}]}}