{"id":177,"date":"2023-08-28T11:40:15","date_gmt":"2023-08-28T11:40:15","guid":{"rendered":"https:\/\/home.virtualeng.de\/?page_id=177"},"modified":"2025-06-28T09:50:48","modified_gmt":"2025-06-28T09:50:48","slug":"digitalisierung","status":"publish","type":"page","link":"https:\/\/website.virtualeng.de\/index.php\/homepage\/blogs\/digitalisierung\/","title":{"rendered":"Digitalisierung"},"content":{"rendered":"\n<div class=\"wp-block-group alignfull has-background is-nowrap is-layout-flex wp-container-core-group-is-layout-dd9c44f8 wp-block-group-is-layout-flex\" style=\"background-color:#e5e9ee;min-height:0px;margin-top:0;margin-bottom:0;padding-top:0;padding-right:0;padding-bottom:var(--wp--preset--spacing--30);padding-left:0\">\n<div class=\"wp-block-cover is-light wp-container-content-9cfa9a5a\" style=\"margin-top:0;margin-bottom:0;padding-top:0;padding-right:0;padding-bottom:0;padding-left:0;min-height:318px;aspect-ratio:unset;\"><img loading=\"lazy\" decoding=\"async\" width=\"2560\" height=\"377\" class=\"wp-block-cover__image-background wp-image-1125\" alt=\"\" src=\"https:\/\/website.virtualeng.de\/wp-content\/uploads\/2023\/10\/hero_background.png\" data-object-fit=\"cover\" srcset=\"https:\/\/website.virtualeng.de\/wp-content\/uploads\/2023\/10\/hero_background.png 2560w, https:\/\/website.virtualeng.de\/wp-content\/uploads\/2023\/10\/hero_background-300x44.png 300w, https:\/\/website.virtualeng.de\/wp-content\/uploads\/2023\/10\/hero_background-1024x151.png 1024w, https:\/\/website.virtualeng.de\/wp-content\/uploads\/2023\/10\/hero_background-768x113.png 768w, https:\/\/website.virtualeng.de\/wp-content\/uploads\/2023\/10\/hero_background-1536x226.png 1536w, https:\/\/website.virtualeng.de\/wp-content\/uploads\/2023\/10\/hero_background-2048x302.png 2048w\" sizes=\"auto, (max-width: 2560px) 100vw, 2560px\" \/><span aria-hidden=\"true\" class=\"wp-block-cover__background has-background-dim-0 has-background-dim\"><\/span><div class=\"wp-block-cover__inner-container is-layout-flow wp-container-core-cover-is-layout-2a668712 wp-block-cover-is-layout-flow\">\n<div class=\"wp-block-group is-layout-flow wp-container-core-group-is-layout-367cda30 wp-block-group-is-layout-flow\" style=\"margin-bottom:0;padding-top:0;padding-bottom:0\">\n<div class=\"wp-block-group is-layout-flow wp-container-core-group-is-layout-6b8d86f1 wp-block-group-is-layout-flow\" style=\"margin-top:0;margin-bottom:0;padding-top:0;padding-right:var(--wp--preset--spacing--30);padding-bottom:0;padding-left:var(--wp--preset--spacing--30)\">\n<div class=\"wp-block-group is-layout-flex wp-container-core-group-is-layout-6740b3a5 wp-block-group-is-layout-flex\" style=\"margin-top:0;margin-bottom:0;padding-top:var(--wp--preset--spacing--30);padding-right:0;padding-bottom:0;padding-left:0\">\n<div class=\"wp-block-group has-header-background-color has-background is-layout-flow wp-block-group-is-layout-flow\" style=\"border-radius:10px\">\n<figure class=\"wp-block-image size-full is-resized is-style-default\"><img loading=\"lazy\" decoding=\"async\" width=\"360\" height=\"360\" src=\"https:\/\/website.virtualeng.de\/wp-content\/uploads\/2023\/09\/Digitalisierung.png\" alt=\"\" class=\"wp-image-735\" style=\"aspect-ratio:1;object-fit:contain;width:254px;height:auto\" srcset=\"https:\/\/website.virtualeng.de\/wp-content\/uploads\/2023\/09\/Digitalisierung.png 360w, https:\/\/website.virtualeng.de\/wp-content\/uploads\/2023\/09\/Digitalisierung-300x300.png 300w, https:\/\/website.virtualeng.de\/wp-content\/uploads\/2023\/09\/Digitalisierung-150x150.png 150w\" sizes=\"auto, (max-width: 360px) 100vw, 360px\" \/><\/figure>\n<\/div>\n\n\n\n<div class=\"wp-block-group is-vertical is-layout-flex wp-container-core-group-is-layout-56f3faca wp-block-group-is-layout-flex\" style=\"margin-top:0;margin-bottom:0;padding-top:0;padding-right:0;padding-bottom:0;padding-left:0\">\n<h1 class=\"wp-block-heading has-base-2-color has-text-color\" style=\"padding-bottom:2rem;font-size:clamp(1.976em, 1.976rem + ((1vw - 0.2em) * 2.54), 3.5em);font-style:normal;font-weight:600\">Digitalisierung<\/h1>\n\n\n\n<p class=\"has-custom-text-in-box-color has-text-color\" style=\"font-size:clamp(1.25em, 1.25rem + ((1vw - 0.2em) * 1.25), 2em);line-height:1.2\">Ein umfangreiches und komplexes Thema<\/p>\n\n\n\n<p class=\"has-secondary-color has-text-color\" style=\"padding-top:var(--wp--preset--spacing--30);font-size:clamp(0.875em, 0.875rem + ((1vw - 0.2em) * 0.542), 1.2em);line-height:1.2\"><em>In der Praxis mit einfachen Ma\u00dfnahmen effizienter werden<\/em><\/p>\n<\/div>\n<\/div>\n<\/div>\n<\/div>\n<\/div><\/div>\n<\/div>\n\n\n\n<div class=\"wp-block-group is-layout-flow wp-container-core-group-is-layout-3142d34e wp-block-group-is-layout-flow\" style=\"margin-top:0;margin-bottom:0;padding-right:0;padding-left:0\">\n<div class=\"wp-block-group has-base-background-color has-background is-vertical is-content-justification-center is-nowrap is-layout-flex wp-container-core-group-is-layout-35e46fec wp-block-group-is-layout-flex\" style=\"margin-top:var(--wp--preset--spacing--60);margin-bottom:var(--wp--preset--spacing--30);padding-right:var(--wp--preset--spacing--30);padding-left:var(--wp--preset--spacing--30)\">\n<p class=\"has-text-align-center has-contrast-2-color has-text-color has-link-color wp-elements-fde23587aca92f862a2241a96ddac072\" style=\"margin-top:0;margin-right:0;margin-bottom:1rem;margin-left:0;padding-top:0;padding-right:0;padding-bottom:0;padding-left:0;font-size:clamp(1.576em, 1.576rem + ((1vw - 0.2em) * 1.79), 2.65em);\">Wir beraten und unterst\u00fctzen bei der praxisorientierten Konzeptionierung und Umsetzung <\/p>\n\n\n\n<div class=\"wp-block-columns is-layout-flex wp-container-core-columns-is-layout-658170e2 wp-block-columns-is-layout-flex\">\n<div class=\"wp-block-column is-layout-flow wp-block-column-is-layout-flow\">\n<div class=\"wp-block-group has-base-background-color has-background is-layout-flow wp-block-group-is-layout-flow\" style=\"border-radius:10px;min-height:3rem;margin-top:0;margin-bottom:0;padding-top:var(--wp--preset--spacing--10);padding-right:var(--wp--preset--spacing--30);padding-bottom:var(--wp--preset--spacing--10);padding-left:var(--wp--preset--spacing--30)\">\n<p class=\"has-text-align-left has-custom-text-in-box-color has-text-color\" style=\"margin-top:0;margin-right:0;margin-bottom:0;margin-left:0;padding-top:0;padding-right:0;padding-bottom:0;padding-left:0;font-size:clamp(0.875em, 0.875rem + ((1vw - 0.2em) * 0.542), 1.2em);\"><em>Dabei steht die Bedarfsermittlung vorab im Vordergrund, um sich auf das zu konzentrieren, was tats\u00e4chlich erforderlich ist. <br>Ein klares Konzept ist wichtig, um sich in den zahlreichen M\u00f6glichkeiten und Trends nicht zu verzetteln und nur die Dinge umgesetzt werden, die auch einen Wertbeitrag liefern.<\/em><\/p>\n<\/div>\n<\/div>\n<\/div>\n<\/div>\n\n\n\n<div class=\"wp-block-group has-base-background-color has-background is-layout-flow wp-container-core-group-is-layout-bbf3fb1f wp-block-group-is-layout-flow\" style=\"margin-top:0;padding-top:var(--wp--preset--spacing--30);padding-right:var(--wp--preset--spacing--30);padding-bottom:var(--wp--preset--spacing--30);padding-left:var(--wp--preset--spacing--30)\">\n<div class=\"wp-block-columns is-layout-flex wp-container-core-columns-is-layout-fc945206 wp-block-columns-is-layout-flex\" style=\"margin-top:0px;margin-bottom:0px;padding-right:0;padding-left:0\">\n<div class=\"wp-block-column is-layout-flow wp-container-core-column-is-layout-3f7b68c1 wp-block-column-is-layout-flow\" style=\"padding-top:0;padding-bottom:0;flex-basis:50%\">\n<div id=\"Office-Dokumente\" class=\"wp-block-group info-card is-layout-flow wp-container-core-group-is-layout-baa9ad4c wp-block-group-is-layout-flow\" style=\"margin-top:1rem;margin-bottom:1rem\">\n<h3 class=\"wp-block-heading has-contrast-2-color has-text-color\" style=\"margin-top:0;margin-bottom:0;padding-bottom:var(--wp--preset--spacing--30);font-size:clamp(1.25em, 1.25rem + ((1vw - 0.2em) * 1.25), 2em);\">Office-Dokumente automatisieren<\/h3>\n\n\n\n<p class=\"has-text-align-left has-custom-text-in-box-color has-text-color\" style=\"margin-top:0;margin-right:0;margin-bottom:0;margin-left:0;padding-top:0;padding-right:0;padding-bottom:0;padding-left:0;font-size:clamp(0.875em, 0.875rem + ((1vw - 0.2em) * 0.542), 1.2em);\">Vorlagen von Office-Dokumenten oder automatisierte Auswertungen \u00fcber eine Tabellenkalkulation k\u00f6nnen die Arbeit deutlich erleichtern. <br>Die MS Office-Dokumente haben die M\u00f6glichkeit mit sogenannten Makros oder Programmcode eine Automatisierung innerhalb des Dokumentes relativ einfach bereitzustellen.<\/p>\n<\/div>\n<\/div>\n\n\n\n<div class=\"wp-block-column is-layout-flow wp-block-column-is-layout-flow\" style=\"flex-basis:50%\">\n<div id=\"CloudAblage\" class=\"wp-block-group info-card is-layout-flow wp-block-group-is-layout-flow\" style=\"margin-top:1rem;margin-bottom:1rem\">\n<h3 class=\"wp-block-heading has-contrast-2-color has-text-color\" style=\"margin-top:0;margin-bottom:0;padding-bottom:var(--wp--preset--spacing--30);font-size:clamp(1.25em, 1.25rem + ((1vw - 0.2em) * 1.25), 2em);\">Cloud f\u00fcr die gemeinsame Nutzung von Dokumenten<\/h3>\n\n\n\n<p class=\"has-text-align-left has-custom-text-in-box-color has-text-color\" style=\"margin-top:0;margin-right:0;margin-bottom:0;margin-left:0;padding-top:0;padding-right:0;padding-bottom:0;padding-left:0;font-size:clamp(0.875em, 0.875rem + ((1vw - 0.2em) * 0.542), 1.2em);\">Eine gemeinsame, strukturierte Ablage von Dateien in einer Cloud verbessert die Effizienz wesentlich.<br>Nextcloud bietet hier z.B. die M\u00f6glichkeit eine <strong><mark style=\"background-color:rgba(0, 0, 0, 0)\" class=\"has-inline-color has-contrast-2-color\">strukturierte Ablage<\/mark><\/strong><mark style=\"background-color:rgba(0, 0, 0, 0)\" class=\"has-inline-color has-custom-header-color\"> <\/mark>nach eigenen Bed\u00fcrfnissen aufzubauen. Dabei kann die eigene Cloud im einfachsten Fall \u00fcber einem Dienstleister wie Hetzner bezogen werden. Der Dienstleister k\u00fcmmert sich im Hintergrund um die Funktion und Aktualisierung der Cloud. M\u00f6chte man mehr Felxibilt\u00e4t und Handlungsspielraum beim Managen der Cloud, empfiehlt sich die Einrichtung eines eigenen Servers, der auch angemietet oder im eigenen Netzwerk installiert werden kann. \u00dcber die Cloud k\u00f6nnen auch <mark style=\"background-color:rgba(0, 0, 0, 0)\" class=\"has-inline-color has-contrast-2-color\"><strong>Teamkalender<\/strong>, <strong>Adressb\u00fccher<\/strong>, <strong>Aufgabensteuerungen<\/strong>, <strong>Chats<\/strong>, <strong>Notitzen<\/strong><\/mark> etc. genutzt werden. Auch die M\u00f6glichkeit von <strong><mark style=\"background-color:rgba(0, 0, 0, 0)\" class=\"has-inline-color has-contrast-2-color\">Videokonferenzen<\/mark><\/strong> oder einfache Videocalls ist sehr hilfreich, alles auf einem eigenen Server unter vollst\u00e4ndig eigener Kontrolle.<\/p>\n<\/div>\n<\/div>\n<\/div>\n\n\n\n<div class=\"wp-block-columns is-layout-flex wp-container-core-columns-is-layout-4225a734 wp-block-columns-is-layout-flex\" style=\"margin-top:0;margin-bottom:0;padding-top:0;padding-right:0;padding-bottom:0;padding-left:0\">\n<div class=\"wp-block-column is-layout-flow wp-block-column-is-layout-flow\" style=\"flex-basis:50%\">\n<div class=\"wp-block-group info-card is-layout-flow wp-block-group-is-layout-flow\" style=\"margin-top:1rem;margin-bottom:1rem\">\n<h3 class=\"wp-block-heading has-contrast-2-color has-text-color\" style=\"margin-top:0;margin-bottom:0;padding-bottom:var(--wp--preset--spacing--30);font-size:clamp(1.25em, 1.25rem + ((1vw - 0.2em) * 1.25), 2em);\">Wissenspool auch ohne Cloud<\/h3>\n\n\n\n<p class=\"has-text-align-left has-custom-text-in-box-color has-text-color\" style=\"margin-top:0;margin-right:0;margin-bottom:0;margin-left:0;padding-top:0;padding-right:0;padding-bottom:0;padding-left:0;font-size:clamp(0.875em, 0.875rem + ((1vw - 0.2em) * 0.542), 1.2em);\">Ein vernetzter \u201cWissenspool\u201d kann auch \u00fcber Obsidian relativ einfach lokal aufgebaut werden.<\/p>\n<\/div>\n<\/div>\n\n\n\n<div class=\"wp-block-column is-layout-flow wp-block-column-is-layout-flow\" style=\"flex-basis:50%\">\n<div class=\"wp-block-group info-card is-layout-flow wp-block-group-is-layout-flow\" style=\"margin-top:1rem;margin-bottom:1rem\">\n<h3 class=\"wp-block-heading has-contrast-2-color has-text-color\" style=\"margin-top:0;margin-bottom:0;padding-bottom:var(--wp--preset--spacing--30);font-size:clamp(1.25em, 1.25rem + ((1vw - 0.2em) * 1.25), 2em);\">Internetauftritt<\/h3>\n\n\n\n<p class=\"has-text-align-left has-custom-text-in-box-color has-text-color\" style=\"margin-top:0;margin-right:0;margin-bottom:0;margin-left:0;padding-top:0;padding-right:0;padding-bottom:0;padding-left:0;font-size:clamp(0.875em, 0.875rem + ((1vw - 0.2em) * 0.542), 1.2em);\">Auch ein Internetauftritt kann heute relativ einfach eingerichtet werden. Der Internetauftritt von www.virtualeng.de ist z.B. mit Hilfe von WordPress aufgebaut worden. Wobei bewu\u00dft auf Einfachheit gesetzt wurde, ohne viel Schnickschnack. Aber alles unter eigener Kontrolle und selbst einfach zu pflegen, wenn man wei\u00df, wie es geht und man sich nicht verzettelt. WordPress kann bei Dienstleistern direkt bezogen werden, wie z.B. bei IONOS oder \u00fcber einen eigenen Cloudserver mit &#8220;One-Click&#8221; installiert werden. Man kann dann je nach Bedarf auch den Internetauftritt ausbauen und mit Bildern etc. arbeiten.<\/p>\n<\/div>\n<\/div>\n<\/div>\n\n\n\n<div class=\"wp-block-columns is-layout-flex wp-container-core-columns-is-layout-67e98cc5 wp-block-columns-is-layout-flex\">\n<div class=\"wp-block-column is-layout-flow wp-block-column-is-layout-flow\" style=\"flex-basis:50%\">\n<div class=\"wp-block-group info-card is-layout-flow wp-block-group-is-layout-flow\" style=\"margin-top:1rem;margin-bottom:1rem\">\n<h3 class=\"wp-block-heading has-contrast-2-color has-text-color\" style=\"margin-top:0;margin-bottom:0;padding-bottom:var(--wp--preset--spacing--30);font-size:clamp(1.25em, 1.25rem + ((1vw - 0.2em) * 1.25), 2em);\">Cloud-Server<\/h3>\n\n\n\n<p class=\"has-text-align-left has-custom-text-in-box-color has-text-color\" style=\"margin-top:0;margin-right:0;margin-bottom:0;margin-left:0;padding-top:0;padding-right:0;padding-bottom:0;padding-left:0;font-size:clamp(0.875em, 0.875rem + ((1vw - 0.2em) * 0.542), 1.2em);\">Heutzutage kann man sich \u00fcber sogenannte Cloudserver eine komnplette Server-Infrastruktur relativ einfach selbst aufbauen. \u00dcber &#8220;On-Click&#8221;-Funktionen k\u00f6nnen dann Anwendungen wie Nextcloud, WordPress etc. eingerichtet werden. Cloud-Server haben den Vorteil, dass man klein anfangen und dann mit dem Bedarf die eigene Infrastruktur ausbauen kann (skalierbar). Cloudserver werden z. B. von Hetzner angeboten. Unterst\u00fctzung bei der Betreuung erh\u00e4lt man auch bei spezialisierten IT-Dienstleistern.<\/p>\n<\/div>\n<\/div>\n\n\n\n<div class=\"wp-block-column is-layout-flow wp-block-column-is-layout-flow\" style=\"flex-basis:50%\">\n<div class=\"wp-block-group info-card is-layout-flow wp-block-group-is-layout-flow\" style=\"border-radius:10px;margin-top:1rem;margin-bottom:1rem\">\n<h3 class=\"wp-block-heading has-contrast-2-color has-text-color\" style=\"margin-top:0;margin-bottom:0;padding-bottom:var(--wp--preset--spacing--30);font-size:clamp(1.25em, 1.25rem + ((1vw - 0.2em) * 1.25), 2em);\">Mind-Mapping<\/h3>\n\n\n\n<p class=\"has-text-align-left has-custom-text-in-box-color has-text-color\" style=\"margin-top:0;margin-right:0;margin-bottom:0;margin-left:0;padding-top:0;padding-right:0;padding-bottom:0;padding-left:0;font-size:clamp(0.875em, 0.875rem + ((1vw - 0.2em) * 0.542), 1.2em);\">Mind-Mapping ist eine sehr effiziente Methode Zusammenh\u00e4nge gut zu erfassen und zu strukturieren. Insbesonderer bei Teamdiskussionen ist der Einsatz von Mind-Mapping zur Visualisierung und Diskussionsf\u00fchrung n\u00fctzlich. Es gibt eine ganze Reihe von Mind-Mapping-Programmen, die einfach anzuwenden sind. Wir nutzen Mind-Mapping f\u00fcr Bedarfsanalysen, Fehler-Ursachen- , Ereignis-Analysen oder Brainstorming u.a.. Das Mind-Mapping kann von den ersten Ideen bis hin zur Aufgabenformulierung und Aufgabenkontrolle eingesetzt werden und ersetzt oft auch lang formulierte Besprechungsprotokolle.<\/p>\n<\/div>\n<\/div>\n<\/div>\n<\/div>\n<\/div>\n","protected":false},"excerpt":{"rendered":"<p>Wir beraten und unterst\u00fctzen bei der praxisorientierten Konzeptionierung und Umsetzung Dabei steht die Bedarfsermittlung vorab im Vordergrund, um sich auf das zu konzentrieren, was tats\u00e4chlich erforderlich ist. Ein klares Konzept ist wichtig, um sich in den zahlreichen M\u00f6glichkeiten und Trends nicht zu verzetteln und nur die Dinge umgesetzt werden, die auch einen Wertbeitrag liefern. Office-Dokumente [&hellip;]<\/p>\n","protected":false},"author":1,"featured_media":0,"parent":1128,"menu_order":1,"comment_status":"closed","ping_status":"closed","template":"wp-custom-template-basic-page","meta":{"footnotes":"[]"},"class_list":["post-177","page","type-page","status-publish","hentry"],"_links":{"self":[{"href":"https:\/\/website.virtualeng.de\/index.php\/wp-json\/wp\/v2\/pages\/177","targetHints":{"allow":["GET"]}}],"collection":[{"href":"https:\/\/website.virtualeng.de\/index.php\/wp-json\/wp\/v2\/pages"}],"about":[{"href":"https:\/\/website.virtualeng.de\/index.php\/wp-json\/wp\/v2\/types\/page"}],"author":[{"embeddable":true,"href":"https:\/\/website.virtualeng.de\/index.php\/wp-json\/wp\/v2\/users\/1"}],"replies":[{"embeddable":true,"href":"https:\/\/website.virtualeng.de\/index.php\/wp-json\/wp\/v2\/comments?post=177"}],"version-history":[{"count":66,"href":"https:\/\/website.virtualeng.de\/index.php\/wp-json\/wp\/v2\/pages\/177\/revisions"}],"predecessor-version":[{"id":2859,"href":"https:\/\/website.virtualeng.de\/index.php\/wp-json\/wp\/v2\/pages\/177\/revisions\/2859"}],"up":[{"embeddable":true,"href":"https:\/\/website.virtualeng.de\/index.php\/wp-json\/wp\/v2\/pages\/1128"}],"wp:attachment":[{"href":"https:\/\/website.virtualeng.de\/index.php\/wp-json\/wp\/v2\/media?parent=177"}],"curies":[{"name":"wp","href":"https:\/\/api.w.org\/{rel}","templated":true}]}}