{"id":1648,"date":"2023-12-04T11:17:10","date_gmt":"2023-12-04T11:17:10","guid":{"rendered":"https:\/\/website.virtualeng.de\/?page_id=1648"},"modified":"2023-12-13T21:09:44","modified_gmt":"2023-12-13T21:09:44","slug":"arbeitssicherheit","status":"publish","type":"page","link":"https:\/\/website.virtualeng.de\/index.php\/homepage\/blogs\/arbeitssicherheit\/","title":{"rendered":"Arbeitssicherheit"},"content":{"rendered":"\n<div class=\"wp-block-group alignfull has-background is-nowrap is-layout-flex wp-container-core-group-is-layout-dd9c44f8 wp-block-group-is-layout-flex\" style=\"background-color:#e5e9ee;min-height:0px;margin-top:0;margin-bottom:0;padding-top:0;padding-right:0;padding-bottom:var(--wp--preset--spacing--30);padding-left:0\">\n<div class=\"wp-block-cover is-light wp-container-content-9cfa9a5a\" style=\"margin-top:0;margin-bottom:0;padding-top:0;padding-right:0;padding-bottom:0;padding-left:0;min-height:318px;aspect-ratio:unset;\"><span aria-hidden=\"true\" class=\"wp-block-cover__background has-background-dim-0 has-background-dim\"><\/span><img loading=\"lazy\" decoding=\"async\" width=\"2560\" height=\"377\" class=\"wp-block-cover__image-background wp-image-1125\" alt=\"\" src=\"https:\/\/website.virtualeng.de\/wp-content\/uploads\/2023\/10\/hero_background.png\" data-object-fit=\"cover\" srcset=\"https:\/\/website.virtualeng.de\/wp-content\/uploads\/2023\/10\/hero_background.png 2560w, https:\/\/website.virtualeng.de\/wp-content\/uploads\/2023\/10\/hero_background-300x44.png 300w, https:\/\/website.virtualeng.de\/wp-content\/uploads\/2023\/10\/hero_background-1024x151.png 1024w, https:\/\/website.virtualeng.de\/wp-content\/uploads\/2023\/10\/hero_background-768x113.png 768w, https:\/\/website.virtualeng.de\/wp-content\/uploads\/2023\/10\/hero_background-1536x226.png 1536w, https:\/\/website.virtualeng.de\/wp-content\/uploads\/2023\/10\/hero_background-2048x302.png 2048w\" sizes=\"auto, (max-width: 2560px) 100vw, 2560px\" \/><div class=\"wp-block-cover__inner-container is-layout-flow wp-container-core-cover-is-layout-2a668712 wp-block-cover-is-layout-flow\">\n<div class=\"wp-block-group is-layout-flow wp-container-core-group-is-layout-367cda30 wp-block-group-is-layout-flow\" style=\"margin-bottom:0;padding-top:0;padding-bottom:0\">\n<div class=\"wp-block-group is-layout-flow wp-container-core-group-is-layout-6b8d86f1 wp-block-group-is-layout-flow\" style=\"margin-top:0;margin-bottom:0;padding-top:0;padding-right:var(--wp--preset--spacing--30);padding-bottom:0;padding-left:var(--wp--preset--spacing--30)\">\n<div class=\"wp-block-group is-content-justification-left is-layout-flex wp-container-core-group-is-layout-0b81f787 wp-block-group-is-layout-flex\" style=\"margin-top:0;margin-bottom:0;padding-top:var(--wp--preset--spacing--30);padding-right:0;padding-bottom:0;padding-left:0\">\n<div class=\"wp-block-group has-header-background-color has-background is-layout-flow wp-block-group-is-layout-flow\" style=\"border-radius:10px\">\n<figure class=\"wp-block-image size-full is-resized is-style-default\"><img loading=\"lazy\" decoding=\"async\" width=\"360\" height=\"360\" src=\"https:\/\/website.virtualeng.de\/wp-content\/uploads\/2023\/09\/Arbeitssicherheit.png\" alt=\"\" class=\"wp-image-737\" style=\"aspect-ratio:1;object-fit:contain;width:254px;height:auto\" srcset=\"https:\/\/website.virtualeng.de\/wp-content\/uploads\/2023\/09\/Arbeitssicherheit.png 360w, https:\/\/website.virtualeng.de\/wp-content\/uploads\/2023\/09\/Arbeitssicherheit-300x300.png 300w, https:\/\/website.virtualeng.de\/wp-content\/uploads\/2023\/09\/Arbeitssicherheit-150x150.png 150w\" sizes=\"auto, (max-width: 360px) 100vw, 360px\" \/><\/figure>\n<\/div>\n\n\n\n<div class=\"wp-block-group wp-container-content-663c14dd is-vertical is-layout-flex wp-container-core-group-is-layout-56f3faca wp-block-group-is-layout-flex\" style=\"margin-top:0;margin-bottom:0;padding-top:0;padding-right:0;padding-bottom:0;padding-left:0\">\n<h1 class=\"wp-block-heading has-base-2-color has-text-color\" style=\"padding-bottom:2rem;font-size:clamp(1.976em, 1.976rem + ((1vw - 0.2em) * 2.54), 3.5em);font-style:normal;font-weight:600\">Arbeitssicherheit<\/h1>\n\n\n\n<p class=\"has-custom-text-in-box-color has-text-color\" style=\"font-size:clamp(1.25em, 1.25rem + ((1vw - 0.2em) * 1.25), 2em);line-height:1.2\">Fokussierte und effektive Arbeitssicherheitsprogramme <\/p>\n\n\n\n<p class=\"has-secondary-color has-text-color\" style=\"padding-top:var(--wp--preset--spacing--30);font-size:clamp(0.875em, 0.875rem + ((1vw - 0.2em) * 0.542), 1.2em);font-style:italic;font-weight:400;line-height:1.2\">Die Praxis hat gezeigt, dass schon viel erreicht werden kann, wenn allein die Wahrnehmung von Arbeitssicherheit bei den Mitarbeitern gest\u00e4rkt wird.<\/p>\n<\/div>\n<\/div>\n<\/div>\n<\/div>\n<\/div><\/div>\n<\/div>\n\n\n\n<div class=\"wp-block-group is-layout-flow wp-container-core-group-is-layout-3142d34e wp-block-group-is-layout-flow\" style=\"margin-top:0;margin-bottom:0;padding-right:0;padding-left:0\">\n<div class=\"wp-block-group has-base-background-color has-background is-vertical is-content-justification-center is-nowrap is-layout-flex wp-container-core-group-is-layout-35e46fec wp-block-group-is-layout-flex\" style=\"margin-top:var(--wp--preset--spacing--60);margin-bottom:var(--wp--preset--spacing--30);padding-right:var(--wp--preset--spacing--30);padding-left:var(--wp--preset--spacing--30)\">\n<p class=\"has-text-align-center has-contrast-2-color has-text-color has-link-color wp-elements-c00c2c0f52e06e050fd6ac2002bbf733\" style=\"margin-top:0;margin-right:0;margin-bottom:1rem;margin-left:0;padding-top:0;padding-right:0;padding-bottom:0;padding-left:0;font-size:clamp(1.576em, 1.576rem + ((1vw - 0.2em) * 1.79), 2.65em);\">Wir beraten und helfen bei der St\u00e4rkung der Arbeitssicherheit <\/p>\n<\/div>\n\n\n\n<div class=\"wp-block-group has-base-background-color has-background is-layout-flow wp-container-core-group-is-layout-bbf3fb1f wp-block-group-is-layout-flow\" style=\"margin-top:0;padding-top:var(--wp--preset--spacing--30);padding-right:var(--wp--preset--spacing--30);padding-bottom:var(--wp--preset--spacing--30);padding-left:var(--wp--preset--spacing--30)\">\n<div class=\"wp-block-columns is-layout-flex wp-container-core-columns-is-layout-fc945206 wp-block-columns-is-layout-flex\" style=\"margin-top:0px;margin-bottom:0px;padding-right:0;padding-left:0\">\n<div class=\"wp-block-column is-layout-flow wp-container-core-column-is-layout-3f7b68c1 wp-block-column-is-layout-flow\" style=\"padding-top:0;padding-bottom:0;flex-basis:50%\">\n<div id=\"Office-Dokumente\" class=\"wp-block-group info-card is-layout-flow wp-container-core-group-is-layout-baa9ad4c wp-block-group-is-layout-flow\" style=\"margin-top:1rem;margin-bottom:1rem\">\n<h3 class=\"wp-block-heading has-contrast-2-color has-text-color has-large-font-size\" id=\"workshops\" style=\"margin-top:0;margin-bottom:0;padding-bottom:var(--wp--preset--spacing--30)\">Workshops<\/h3>\n\n\n\n<p class=\"has-text-align-left has-custom-text-in-box-color has-text-color\" style=\"margin-top:0;margin-right:0;margin-bottom:0;margin-left:0;padding-top:0;padding-right:0;padding-bottom:0;padding-left:0;font-size:clamp(0.875em, 0.875rem + ((1vw - 0.2em) * 0.542), 1.2em);\">Es gibt eine ganze Reihe von Arbeitssicherheitsprogrammen, die meist sehr umfangreich und komplex sind. Die Praxis hat gezeigt, dass aber schon viel erreicht werden kann, wenn allein die Wahrnehmung zur Arbeitssicherheit bei den Mitarbeitern gest\u00e4rkt wird. Wir haben praxiserprobte Workshops entwickelt, in denen Mitarbeiter sehr fokussiert und effizient f\u00fcr Themen der Arbeitssicherheit sensibilisiert werden. Die Workshops finden in kleinen Gruppen statt und sind auf den Bedarf der jeweiligen Gruppe ausgerichtet. Die Workshops steigern die Sensiblit\u00e4t der Gruppe f\u00fcr eine pragmatische Arbeitssicherheit und helfen Unf\u00e4lle zu vermeiden.<br><\/p>\n<\/div>\n<\/div>\n\n\n\n<div class=\"wp-block-column is-layout-flow wp-block-column-is-layout-flow\" style=\"flex-basis:50%\">\n<div class=\"wp-block-group info-card is-layout-flow wp-block-group-is-layout-flow\" style=\"margin-top:1rem;margin-bottom:1rem\">\n<h3 class=\"wp-block-heading has-contrast-2-color has-text-color has-large-font-size\" style=\"margin-top:0;margin-bottom:0;padding-bottom:var(--wp--preset--spacing--30)\"> Arbeitssicherheits-Tools<\/h3>\n\n\n\n<p class=\"has-text-align-left has-custom-text-in-box-color has-text-color has-medium-font-size\" style=\"margin-top:0;margin-right:0;margin-bottom:0;margin-left:0;padding-top:0;padding-right:0;padding-bottom:0;padding-left:0\">Begleitend zu den obigen <a href=\"#workshops\">Workshops<\/a> ist es sinnvoll, gezielte Ma\u00dfnahmen zu implementieren, die eine nachhaltige Verankerung der &#8220;Sensibilisierung Arbeitssicherheit&#8221; sicherstellen. Wir haben einige wenige einfache &#8220;Arbeitsssicherheits-Tools&#8221; entwickelt, die die Aufmerksamkeit und Bedeutung der Arbeitssicherheit im Alltagsleben aufrecht h\u00e4lt. Dabei ist weniger mehr, eine &#8220;\u00dcberflutung&#8221; der Mitarbeiter ist eher kontraproduktiv &#8211; wenige Tools, aber wirkungsvoll.<br><\/p>\n<\/div>\n<\/div>\n<\/div>\n<\/div>\n<\/div>\n","protected":false},"excerpt":{"rendered":"<p>Wir beraten und helfen bei der St\u00e4rkung der Arbeitssicherheit Workshops Es gibt eine ganze Reihe von Arbeitssicherheitsprogrammen, die meist sehr umfangreich und komplex sind. Die Praxis hat gezeigt, dass aber schon viel erreicht werden kann, wenn allein die Wahrnehmung zur Arbeitssicherheit bei den Mitarbeitern gest\u00e4rkt wird. Wir haben praxiserprobte Workshops entwickelt, in denen Mitarbeiter sehr [&hellip;]<\/p>\n","protected":false},"author":1,"featured_media":0,"parent":1128,"menu_order":0,"comment_status":"closed","ping_status":"closed","template":"wp-custom-template-basic-page","meta":{"footnotes":""},"class_list":["post-1648","page","type-page","status-publish","hentry"],"_links":{"self":[{"href":"https:\/\/website.virtualeng.de\/index.php\/wp-json\/wp\/v2\/pages\/1648","targetHints":{"allow":["GET"]}}],"collection":[{"href":"https:\/\/website.virtualeng.de\/index.php\/wp-json\/wp\/v2\/pages"}],"about":[{"href":"https:\/\/website.virtualeng.de\/index.php\/wp-json\/wp\/v2\/types\/page"}],"author":[{"embeddable":true,"href":"https:\/\/website.virtualeng.de\/index.php\/wp-json\/wp\/v2\/users\/1"}],"replies":[{"embeddable":true,"href":"https:\/\/website.virtualeng.de\/index.php\/wp-json\/wp\/v2\/comments?post=1648"}],"version-history":[{"count":14,"href":"https:\/\/website.virtualeng.de\/index.php\/wp-json\/wp\/v2\/pages\/1648\/revisions"}],"predecessor-version":[{"id":2482,"href":"https:\/\/website.virtualeng.de\/index.php\/wp-json\/wp\/v2\/pages\/1648\/revisions\/2482"}],"up":[{"embeddable":true,"href":"https:\/\/website.virtualeng.de\/index.php\/wp-json\/wp\/v2\/pages\/1128"}],"wp:attachment":[{"href":"https:\/\/website.virtualeng.de\/index.php\/wp-json\/wp\/v2\/media?parent=1648"}],"curies":[{"name":"wp","href":"https:\/\/api.w.org\/{rel}","templated":true}]}}