{"id":1600,"date":"2023-12-03T12:37:32","date_gmt":"2023-12-03T12:37:32","guid":{"rendered":"https:\/\/website.virtualeng.de\/?page_id=1600"},"modified":"2023-12-19T20:54:33","modified_gmt":"2023-12-19T20:54:33","slug":"virtuelleteams-page","status":"publish","type":"page","link":"https:\/\/website.virtualeng.de\/index.php\/homepage\/blogs\/virtuelleteams-page\/","title":{"rendered":"VirtuelleTeams"},"content":{"rendered":"\n<div class=\"wp-block-group alignfull has-background is-nowrap is-layout-flex wp-container-core-group-is-layout-dd9c44f8 wp-block-group-is-layout-flex\" style=\"background-color:#e5e9ee;min-height:0px;margin-top:0;margin-bottom:0;padding-top:0;padding-right:0;padding-bottom:var(--wp--preset--spacing--30);padding-left:0\">\n<div class=\"wp-block-cover is-light wp-container-content-9cfa9a5a\" style=\"margin-top:0;margin-bottom:0;padding-top:0;padding-right:0;padding-bottom:0;padding-left:0;min-height:318px;aspect-ratio:unset;\"><span aria-hidden=\"true\" class=\"wp-block-cover__background has-background-dim-0 has-background-dim\"><\/span><img loading=\"lazy\" decoding=\"async\" width=\"2560\" height=\"377\" class=\"wp-block-cover__image-background wp-image-1125\" alt=\"\" src=\"https:\/\/website.virtualeng.de\/wp-content\/uploads\/2023\/10\/hero_background.png\" data-object-fit=\"cover\" srcset=\"https:\/\/website.virtualeng.de\/wp-content\/uploads\/2023\/10\/hero_background.png 2560w, https:\/\/website.virtualeng.de\/wp-content\/uploads\/2023\/10\/hero_background-300x44.png 300w, https:\/\/website.virtualeng.de\/wp-content\/uploads\/2023\/10\/hero_background-1024x151.png 1024w, https:\/\/website.virtualeng.de\/wp-content\/uploads\/2023\/10\/hero_background-768x113.png 768w, https:\/\/website.virtualeng.de\/wp-content\/uploads\/2023\/10\/hero_background-1536x226.png 1536w, https:\/\/website.virtualeng.de\/wp-content\/uploads\/2023\/10\/hero_background-2048x302.png 2048w\" sizes=\"auto, (max-width: 2560px) 100vw, 2560px\" \/><div class=\"wp-block-cover__inner-container is-layout-flow wp-container-core-cover-is-layout-2a668712 wp-block-cover-is-layout-flow\">\n<div class=\"wp-block-group is-layout-flow wp-container-core-group-is-layout-367cda30 wp-block-group-is-layout-flow\" style=\"margin-bottom:0;padding-top:0;padding-bottom:0\">\n<div class=\"wp-block-group is-layout-flow wp-container-core-group-is-layout-6b8d86f1 wp-block-group-is-layout-flow\" style=\"margin-top:0;margin-bottom:0;padding-top:0;padding-right:var(--wp--preset--spacing--30);padding-bottom:0;padding-left:var(--wp--preset--spacing--30)\">\n<div class=\"wp-block-group is-layout-flex wp-container-core-group-is-layout-6740b3a5 wp-block-group-is-layout-flex\" style=\"margin-top:0;margin-bottom:0;padding-top:var(--wp--preset--spacing--30);padding-right:0;padding-bottom:0;padding-left:0\">\n<div class=\"wp-block-group has-header-background-color has-background is-layout-flow wp-block-group-is-layout-flow\" style=\"border-radius:10px\">\n<figure class=\"wp-block-image size-full is-resized is-style-default\"><img loading=\"lazy\" decoding=\"async\" width=\"360\" height=\"360\" src=\"https:\/\/website.virtualeng.de\/wp-content\/uploads\/2023\/09\/virtuelleTeams.png\" alt=\"\" class=\"wp-image-741\" style=\"aspect-ratio:1;object-fit:contain;width:254px;height:auto\" srcset=\"https:\/\/website.virtualeng.de\/wp-content\/uploads\/2023\/09\/virtuelleTeams.png 360w, https:\/\/website.virtualeng.de\/wp-content\/uploads\/2023\/09\/virtuelleTeams-300x300.png 300w, https:\/\/website.virtualeng.de\/wp-content\/uploads\/2023\/09\/virtuelleTeams-150x150.png 150w\" sizes=\"auto, (max-width: 360px) 100vw, 360px\" \/><\/figure>\n<\/div>\n\n\n\n<div class=\"wp-block-group wp-container-content-663c14dd is-vertical is-layout-flex wp-container-core-group-is-layout-56f3faca wp-block-group-is-layout-flex\" style=\"margin-top:0;margin-bottom:0;padding-top:0;padding-right:0;padding-bottom:0;padding-left:0\">\n<h1 class=\"wp-block-heading has-base-2-color has-text-color\" style=\"padding-bottom:2rem;font-style:normal;font-weight:600\">virtuelle Teams<\/h1>\n\n\n\n<p class=\"has-custom-text-in-box-color has-text-color has-large-font-size\" style=\"line-height:1.2\">Arbeiten in virtuellen R\u00e4umen und Teams <\/p>\n\n\n\n<p class=\"has-secondary-color has-text-color has-medium-font-size\" style=\"padding-top:var(--wp--preset--spacing--30);line-height:1.2\"><em>Ein sehr effizientes Arbeiten<\/em>. <em>Teams k\u00f6nnen schnell zusammengesttelt werden.<\/em><\/p>\n<\/div>\n<\/div>\n<\/div>\n<\/div>\n<\/div><\/div>\n<\/div>\n\n\n\n<div class=\"wp-block-group is-layout-flow wp-container-core-group-is-layout-3142d34e wp-block-group-is-layout-flow\" style=\"margin-top:0;margin-bottom:0;padding-right:0;padding-left:0\">\n<div class=\"wp-block-group has-base-background-color has-background is-vertical is-content-justification-center is-nowrap is-layout-flex wp-container-core-group-is-layout-35e46fec wp-block-group-is-layout-flex\" style=\"margin-top:var(--wp--preset--spacing--60);margin-bottom:var(--wp--preset--spacing--30);padding-right:var(--wp--preset--spacing--30);padding-left:var(--wp--preset--spacing--30)\">\n<p class=\"has-text-align-center has-contrast-2-color has-text-color has-link-color has-x-large-font-size wp-elements-1aa415fb7e0eef2f1a2854141cd3ceaa\" style=\"margin-top:0;margin-right:0;margin-bottom:1rem;margin-left:0;padding-top:0;padding-right:0;padding-bottom:0;padding-left:0\">Wir beraten und helfen bei der Implementierung und trainieren Teams in der effizienten Nutzung<\/p>\n\n\n\n<div class=\"wp-block-columns is-layout-flex wp-container-core-columns-is-layout-658170e2 wp-block-columns-is-layout-flex\">\n<div class=\"wp-block-column is-layout-flow wp-block-column-is-layout-flow\">\n<div class=\"wp-block-group has-base-background-color has-background is-layout-flow wp-block-group-is-layout-flow\" style=\"border-radius:10px;min-height:3rem;margin-top:0;margin-bottom:0;padding-top:var(--wp--preset--spacing--10);padding-right:var(--wp--preset--spacing--30);padding-bottom:var(--wp--preset--spacing--10);padding-left:var(--wp--preset--spacing--30)\">\n<p class=\"has-text-align-left has-custom-text-in-box-color has-text-color has-medium-font-size\" style=\"margin-top:0;margin-right:0;margin-bottom:0;margin-left:0;padding-top:0;padding-right:0;padding-bottom:0;padding-left:0\"><em>Das Arbeiten in virtuellen Teams und Arbeitsr\u00e4umen ist sehr effizient. Insbesondere in Verbindung mit einer gemeinsamen Ablage von Dateien, der M\u00f6glicheit zu Chatten und mit unkomplizierten Videocalls Themen direkt zu besprechen, wird eine hohe Effizienz erreicht. Mittlerweile gibt es Software, wie <a href=\"https:\/\/nextcloud.com\/de\/\" target=\"_blank\" rel=\"noreferrer noopener\">Nextcloud<\/a>, die alles in eigener Kontrolle erm\u00f6glicht. <\/em><\/p>\n<\/div>\n<\/div>\n<\/div>\n<\/div>\n\n\n\n<div class=\"wp-block-group has-base-background-color has-background is-layout-flow wp-container-core-group-is-layout-bbf3fb1f wp-block-group-is-layout-flow\" style=\"margin-top:0;padding-top:var(--wp--preset--spacing--30);padding-right:var(--wp--preset--spacing--30);padding-bottom:var(--wp--preset--spacing--30);padding-left:var(--wp--preset--spacing--30)\">\n<div class=\"wp-block-columns is-layout-flex wp-container-core-columns-is-layout-fc945206 wp-block-columns-is-layout-flex\" style=\"margin-top:0px;margin-bottom:0px;padding-right:0;padding-left:0\">\n<div class=\"wp-block-column is-layout-flow wp-container-core-column-is-layout-3f7b68c1 wp-block-column-is-layout-flow\" style=\"padding-top:0;padding-bottom:0;flex-basis:50%\">\n<div id=\"Office-Dokumente\" class=\"wp-block-group info-card is-layout-flow wp-container-core-group-is-layout-baa9ad4c wp-block-group-is-layout-flow\" style=\"margin-top:1rem;margin-bottom:1rem\">\n<h3 class=\"wp-block-heading has-contrast-2-color has-text-color has-large-font-size\" style=\"margin-top:0;margin-bottom:0;padding-bottom:var(--wp--preset--spacing--30)\">Video-Konferenzen<\/h3>\n\n\n\n<p class=\"has-text-align-left has-custom-text-in-box-color has-text-color has-medium-font-size\" style=\"margin-top:0;margin-right:0;margin-bottom:0;margin-left:0;padding-top:0;padding-right:0;padding-bottom:0;padding-left:0\">Kernelement von virtuellen Teams ist das Kommunizieren \u00fcber Video-Konferenzen und Chats. Beides bietet die M\u00f6glichkeit einer direkten und unkomplizierten Kommunikation. Es m\u00fcssen keine Besprechungsr\u00e4ume reserviert werden, Wegezeiten fallen weg, Themen werden in Chatverl\u00e4ufen zusammengehalten. Es werden heute Platformen wie MS Teams, Webex, Jitsi oder <a href=\"https:\/\/nextcloud.com\/de\/talk\/\" target=\"_blank\" rel=\"noreferrer noopener\">Nextcloud Talk<\/a> u.a. Die Plattformen sollten nach den Erfordernissen strukturiert werden, so dass auch ein effizienter und wertbringender Umgang sichergestellt wird. Insbesondere in Verbindung mit einer <a href=\"https:\/\/website.virtualeng.de\/index.php\/blogs\/digitalisierung#CloudAblage\" data-type=\"page\" data-id=\"177\" target=\"_blank\" rel=\"noreferrer noopener\">integrierten Ablage<\/a> von Dokumenten (Dateien) wird eine hohe Effizienz in der Kommunikation erreicht. Nextcloud kann dabei auf einem eigenen Server betrieben werden, also alles unter strikt eigener Kontrolle.<\/p>\n<\/div>\n<\/div>\n\n\n\n<div class=\"wp-block-column is-layout-flow wp-block-column-is-layout-flow\" style=\"flex-basis:50%\">\n<div class=\"wp-block-group info-card is-layout-flow wp-block-group-is-layout-flow\" style=\"margin-top:1rem;margin-bottom:1rem\">\n<h3 class=\"wp-block-heading has-contrast-2-color has-text-color has-large-font-size\" style=\"margin-top:0;margin-bottom:0;padding-bottom:var(--wp--preset--spacing--30)\">Virtuelle Arbeitsr\u00e4ume<\/h3>\n\n\n\n<p class=\"has-text-align-left has-custom-text-in-box-color has-text-color has-medium-font-size\" style=\"margin-top:0;margin-right:0;margin-bottom:0;margin-left:0;padding-top:0;padding-right:0;padding-bottom:0;padding-left:0\">Ein virtueller Arbeitsraum ist mehr als nur die M\u00f6glichkeit der Nutzung von Videokonferenzen und einer elektronischen Ablage. Virtuelle Arbeitr\u00e4ume bieten auch die M\u00f6glichkeit einer gemeinsamen Aufgabenverwaltung (ToDos), eines Teamkalenders, einem Wiki (Wissenpool), Arbeitskarten, Umfragen. Plattformen wie Nextcloud, MS Teams u.a. bieten solche integrierte M\u00f6glichkeiten. Aber auch hier ist eine gute Strukturierung, die sich an den bestehenden Prozessen und Abl\u00e4ufen orientiert, wichtig f\u00fcr die erfolgreiche Nutzung. Ist das alles richtig implementiert, ist das Arbeiten in den virtuellen R\u00e4umen an Effizienz kaum noch zu schlagen.<\/p>\n<\/div>\n<\/div>\n<\/div>\n<\/div>\n<\/div>\n","protected":false},"excerpt":{"rendered":"<p>Wir beraten und helfen bei der Implementierung und trainieren Teams in der effizienten Nutzung Das Arbeiten in virtuellen Teams und Arbeitsr\u00e4umen ist sehr effizient. Insbesondere in Verbindung mit einer gemeinsamen Ablage von Dateien, der M\u00f6glicheit zu Chatten und mit unkomplizierten Videocalls Themen direkt zu besprechen, wird eine hohe Effizienz erreicht. Mittlerweile gibt es Software, wie [&hellip;]<\/p>\n","protected":false},"author":1,"featured_media":0,"parent":1128,"menu_order":0,"comment_status":"closed","ping_status":"closed","template":"wp-custom-template-basic-page","meta":{"footnotes":""},"class_list":["post-1600","page","type-page","status-publish","hentry"],"_links":{"self":[{"href":"https:\/\/website.virtualeng.de\/index.php\/wp-json\/wp\/v2\/pages\/1600","targetHints":{"allow":["GET"]}}],"collection":[{"href":"https:\/\/website.virtualeng.de\/index.php\/wp-json\/wp\/v2\/pages"}],"about":[{"href":"https:\/\/website.virtualeng.de\/index.php\/wp-json\/wp\/v2\/types\/page"}],"author":[{"embeddable":true,"href":"https:\/\/website.virtualeng.de\/index.php\/wp-json\/wp\/v2\/users\/1"}],"replies":[{"embeddable":true,"href":"https:\/\/website.virtualeng.de\/index.php\/wp-json\/wp\/v2\/comments?post=1600"}],"version-history":[{"count":23,"href":"https:\/\/website.virtualeng.de\/index.php\/wp-json\/wp\/v2\/pages\/1600\/revisions"}],"predecessor-version":[{"id":2582,"href":"https:\/\/website.virtualeng.de\/index.php\/wp-json\/wp\/v2\/pages\/1600\/revisions\/2582"}],"up":[{"embeddable":true,"href":"https:\/\/website.virtualeng.de\/index.php\/wp-json\/wp\/v2\/pages\/1128"}],"wp:attachment":[{"href":"https:\/\/website.virtualeng.de\/index.php\/wp-json\/wp\/v2\/media?parent=1600"}],"curies":[{"name":"wp","href":"https:\/\/api.w.org\/{rel}","templated":true}]}}